{"id":2901,"date":"2020-11-11T02:08:54","date_gmt":"2020-11-11T07:08:54","guid":{"rendered":"https:\/\/dulceyseca.com\/?post_type=product&#038;p=2901"},"modified":"2026-02-03T13:09:46","modified_gmt":"2026-02-03T18:09:46","slug":"manzana","status":"publish","type":"product","link":"https:\/\/dulceyseca.com\/index.php\/product\/manzana\/","title":{"rendered":"Manzana"},"content":{"rendered":"<p>[et_pb_section fb_built=&#8221;1&#8243; _builder_version=&#8221;4.16&#8243; custom_padding=&#8221;0px||||false|false&#8221; da_disable_devices=&#8221;off|off|off&#8221; global_colors_info=&#8221;{}&#8221; da_is_popup=&#8221;off&#8221; da_exit_intent=&#8221;off&#8221; da_has_close=&#8221;on&#8221; da_alt_close=&#8221;off&#8221; da_dark_close=&#8221;off&#8221; da_not_modal=&#8221;on&#8221; da_is_singular=&#8221;off&#8221; da_with_loader=&#8221;off&#8221; da_has_shadow=&#8221;on&#8221;][et_pb_row _builder_version=&#8221;4.16&#8243; background_size=&#8221;initial&#8221; background_position=&#8221;top_left&#8221; background_repeat=&#8221;repeat&#8221; width=&#8221;100%&#8221; custom_padding=&#8221;0px||0px||false|false&#8221; global_colors_info=&#8221;{}&#8221;][et_pb_column type=&#8221;4_4&#8243; _builder_version=&#8221;4.16&#8243; custom_padding=&#8221;|||&#8221; global_colors_info=&#8221;{}&#8221; custom_padding__hover=&#8221;|||&#8221;][et_pb_wc_breadcrumb _builder_version=&#8221;4.16&#8243; global_colors_info=&#8221;{}&#8221;][\/et_pb_wc_breadcrumb][et_pb_wc_cart_notice _builder_version=&#8221;4.16&#8243; global_colors_info=&#8221;{}&#8221;][\/et_pb_wc_cart_notice][\/et_pb_column][\/et_pb_row][et_pb_row column_structure=&#8221;1_2,1_2&#8243; _builder_version=&#8221;4.16&#8243; background_size=&#8221;initial&#8221; background_position=&#8221;top_left&#8221; background_repeat=&#8221;repeat&#8221; width=&#8221;100%&#8221; custom_padding=&#8221;0px||||false|false&#8221; global_colors_info=&#8221;{}&#8221;][et_pb_column type=&#8221;1_2&#8243; _builder_version=&#8221;4.16&#8243; custom_padding=&#8221;|||&#8221; global_colors_info=&#8221;{}&#8221; custom_padding__hover=&#8221;|||&#8221;][et_pb_wc_images _builder_version=&#8221;4.16&#8243; global_colors_info=&#8221;{}&#8221;][\/et_pb_wc_images][\/et_pb_column][et_pb_column type=&#8221;1_2&#8243; _builder_version=&#8221;4.16&#8243; custom_padding=&#8221;|||&#8221; global_colors_info=&#8221;{}&#8221; custom_padding__hover=&#8221;|||&#8221;][et_pb_wc_title _builder_version=&#8221;4.16&#8243; global_colors_info=&#8221;{}&#8221;][\/et_pb_wc_title][et_pb_wc_rating _builder_version=&#8221;4.16&#8243; global_colors_info=&#8221;{}&#8221;][\/et_pb_wc_rating][et_pb_wc_price _builder_version=&#8221;4.16&#8243; global_colors_info=&#8221;{}&#8221;][\/et_pb_wc_price][et_pb_wc_description _builder_version=&#8221;4.16&#8243; text_orientation=&#8221;justified&#8221; custom_margin=&#8221;||30px||false|false&#8221; global_colors_info=&#8221;{}&#8221;][\/et_pb_wc_description][et_pb_wc_add_to_cart _builder_version=&#8221;4.16&#8243; global_colors_info=&#8221;{}&#8221;][\/et_pb_wc_add_to_cart][et_pb_wc_meta _builder_version=&#8221;4.16&#8243; global_colors_info=&#8221;{}&#8221;][\/et_pb_wc_meta][\/et_pb_column][\/et_pb_row][et_pb_row _builder_version=&#8221;4.16&#8243; background_size=&#8221;initial&#8221; background_position=&#8221;top_left&#8221; background_repeat=&#8221;repeat&#8221; width=&#8221;100%&#8221; global_colors_info=&#8221;{}&#8221;][et_pb_column type=&#8221;4_4&#8243; _builder_version=&#8221;4.16&#8243; custom_padding=&#8221;|||&#8221; global_colors_info=&#8221;{}&#8221; custom_padding__hover=&#8221;|||&#8221;][et_pb_wc_tabs _builder_version=&#8221;4.16&#8243; global_colors_info=&#8221;{}&#8221;]\t\t\t\t\t[\/et_pb_wc_tabs][et_pb_wc_upsells _builder_version=&#8221;4.16&#8243; global_colors_info=&#8221;{}&#8221;][\/et_pb_wc_upsells][et_pb_wc_related_products _builder_version=&#8221;4.16&#8243; global_colors_info=&#8221;{}&#8221;][\/et_pb_wc_related_products][\/et_pb_column][\/et_pb_row][\/et_pb_section]<\/p>\n","protected":false},"excerpt":{"rendered":"<p>Nuestra manzana deshidratada contiene muchos beneficios, los cuales nos tientan a consumirla habitualmente, su suave textura cortada en peque\u00f1os trozos nos permite deleitarnos muchos m\u00e1s, lo que funciona como un perfecto snack tanto para ni\u00f1os como adultos.<\/p>\n","protected":false},"featured_media":4515,"comment_status":"open","ping_status":"closed","template":"","meta":{"_et_pb_use_builder":"on","_et_pb_old_content":"La manzana es uno de los frutos m\u00e1s conocidos, por lo que su consumo es bastante considerable; su dulce sabor cautiva y su textura nos permite combinarla con innumerables alimentos. Sus grandes contenidos en fibra, sus contenidos de vitamina A y C, su enorme poder para mantener los niveles de colesterol bajos, su ayuda para la circulaci\u00f3n, su acci\u00f3n preventiva ante el estre\u00f1imiento y los beneficios que provee a nuestro coraz\u00f3n, son suficientes para querer consumirla a diario.\r\n\r\nTodos estos beneficios est\u00e1n representados en un m\u00e1gico sabor que te cautivara cada vez que pruebes muestra manzana deshidratada, la cual podr\u00e1s incluir en tu dieta habitual y vivir una nueva experiencia de una manera nutritiva y saludable.","_et_gb_content_width":""},"class_list":["post-2901","product","type-product","status-publish","has-post-thumbnail","hentry","product_cat-agridulce","product_cat-deshidratados","product_cat-dulces","product_cat-snack","product_tag-artesanal","product_tag-bogota","product_tag-catering","product_tag-chocolate","product_tag-colombia","product_tag-cundinamarca","product_tag-deporte","product_tag-deshidratada","product_tag-dulce","product_tag-fit","product_tag-fitness","product_tag-fruta","product_tag-helado","product_tag-horeca","product_tag-hoteles","product_tag-manzana","product_tag-natural","product_tag-organico","product_tag-panaderia","product_tag-postre","product_tag-rappi","product_tag-receta","product_tag-reposteria","product_tag-restaurantes","product_tag-sincelejo","product_tag-sucre"],"_links":{"self":[{"href":"https:\/\/dulceyseca.com\/index.php\/wp-json\/wp\/v2\/product\/2901"}],"collection":[{"href":"https:\/\/dulceyseca.com\/index.php\/wp-json\/wp\/v2\/product"}],"about":[{"href":"https:\/\/dulceyseca.com\/index.php\/wp-json\/wp\/v2\/types\/product"}],"replies":[{"embeddable":true,"href":"https:\/\/dulceyseca.com\/index.php\/wp-json\/wp\/v2\/comments?post=2901"}],"wp:featuredmedia":[{"embeddable":true,"href":"https:\/\/dulceyseca.com\/index.php\/wp-json\/wp\/v2\/media\/4515"}],"wp:attachment":[{"href":"https:\/\/dulceyseca.com\/index.php\/wp-json\/wp\/v2\/media?parent=2901"}],"curies":[{"name":"wp","href":"https:\/\/api.w.org\/{rel}","templated":true}]}}