{"id":3839,"date":"2023-10-05T04:03:31","date_gmt":"2023-10-05T09:03:31","guid":{"rendered":"https:\/\/dulceyseca.com\/?post_type=product&#038;p=3839"},"modified":"2026-02-01T03:57:56","modified_gmt":"2026-02-01T08:57:56","slug":"uchuva","status":"publish","type":"product","link":"https:\/\/dulceyseca.com\/index.php\/product\/uchuva\/","title":{"rendered":"Uchuva"},"content":{"rendered":"<p>[et_pb_section fb_built=&#8221;1&#8243; _builder_version=&#8221;4.16&#8243; custom_padding=&#8221;0px||||false|false&#8221; da_disable_devices=&#8221;off|off|off&#8221; global_colors_info=&#8221;{}&#8221; da_is_popup=&#8221;off&#8221; da_exit_intent=&#8221;off&#8221; da_has_close=&#8221;on&#8221; da_alt_close=&#8221;off&#8221; da_dark_close=&#8221;off&#8221; da_not_modal=&#8221;on&#8221; da_is_singular=&#8221;off&#8221; da_with_loader=&#8221;off&#8221; da_has_shadow=&#8221;on&#8221;][et_pb_row _builder_version=&#8221;4.16&#8243; background_size=&#8221;initial&#8221; background_position=&#8221;top_left&#8221; background_repeat=&#8221;repeat&#8221; width=&#8221;100%&#8221; custom_padding=&#8221;0px||0px||false|false&#8221; global_colors_info=&#8221;{}&#8221;][et_pb_column type=&#8221;4_4&#8243; _builder_version=&#8221;4.16&#8243; custom_padding=&#8221;|||&#8221; global_colors_info=&#8221;{}&#8221; custom_padding__hover=&#8221;|||&#8221;][et_pb_wc_breadcrumb _builder_version=&#8221;4.16&#8243; global_colors_info=&#8221;{}&#8221;][\/et_pb_wc_breadcrumb][et_pb_wc_cart_notice _builder_version=&#8221;4.16&#8243; global_colors_info=&#8221;{}&#8221;][\/et_pb_wc_cart_notice][\/et_pb_column][\/et_pb_row][et_pb_row column_structure=&#8221;1_2,1_2&#8243; _builder_version=&#8221;4.16&#8243; background_size=&#8221;initial&#8221; background_position=&#8221;top_left&#8221; background_repeat=&#8221;repeat&#8221; width=&#8221;100%&#8221; custom_padding=&#8221;0px||||false|false&#8221; global_colors_info=&#8221;{}&#8221;][et_pb_column type=&#8221;1_2&#8243; _builder_version=&#8221;4.16&#8243; custom_padding=&#8221;|||&#8221; global_colors_info=&#8221;{}&#8221; custom_padding__hover=&#8221;|||&#8221;][et_pb_wc_images sale_badge_color=&#8221;#44580e&#8221; _builder_version=&#8221;4.16&#8243; global_colors_info=&#8221;{}&#8221;][\/et_pb_wc_images][\/et_pb_column][et_pb_column type=&#8221;1_2&#8243; _builder_version=&#8221;4.16&#8243; custom_padding=&#8221;|||&#8221; global_colors_info=&#8221;{}&#8221; custom_padding__hover=&#8221;|||&#8221;][et_pb_wc_title _builder_version=&#8221;4.16&#8243; global_colors_info=&#8221;{}&#8221;][\/et_pb_wc_title][et_pb_wc_rating _builder_version=&#8221;4.16&#8243; global_colors_info=&#8221;{}&#8221;][\/et_pb_wc_rating][et_pb_wc_price _builder_version=&#8221;4.16&#8243; global_colors_info=&#8221;{}&#8221;][\/et_pb_wc_price][et_pb_wc_description _builder_version=&#8221;4.16&#8243; text_orientation=&#8221;justified&#8221; global_colors_info=&#8221;{}&#8221;][\/et_pb_wc_description][et_pb_wc_add_to_cart _builder_version=&#8221;4.16&#8243; global_colors_info=&#8221;{}&#8221;][\/et_pb_wc_add_to_cart][et_pb_wc_meta _builder_version=&#8221;4.16&#8243; global_colors_info=&#8221;{}&#8221;][\/et_pb_wc_meta][\/et_pb_column][\/et_pb_row][et_pb_row _builder_version=&#8221;4.16&#8243; background_size=&#8221;initial&#8221; background_position=&#8221;top_left&#8221; background_repeat=&#8221;repeat&#8221; width=&#8221;100%&#8221; global_colors_info=&#8221;{}&#8221;][et_pb_column type=&#8221;4_4&#8243; _builder_version=&#8221;4.16&#8243; custom_padding=&#8221;|||&#8221; global_colors_info=&#8221;{}&#8221; custom_padding__hover=&#8221;|||&#8221;][et_pb_wc_tabs _builder_version=&#8221;4.16&#8243; global_colors_info=&#8221;{}&#8221;]\t\t\t\t\t[\/et_pb_wc_tabs][et_pb_wc_upsells _builder_version=&#8221;4.16&#8243; global_colors_info=&#8221;{}&#8221;][\/et_pb_wc_upsells][et_pb_wc_related_products _builder_version=&#8221;4.16&#8243; global_colors_info=&#8221;{}&#8221;][\/et_pb_wc_related_products][\/et_pb_column][\/et_pb_row][\/et_pb_section]<\/p>\n","protected":false},"excerpt":{"rendered":"<p>Posee un sabor dulce y \u00e1cido a la vez, lo cual permite poder combinar su sabor con m\u00faltiples alimentos. Siendo un excelente aperitivo para cualquier hora del d\u00eda.<\/p>\n<p>Se trata de un alimento que no solo deleita el paladar, sino que tambi\u00e9n contribuye activamente al bienestar f\u00edsico y al cuidado de la salud, siendo una opci\u00f3n ideal para quienes buscan una nutrici\u00f3n equilibrada sin renunciar al sabor.<\/p>\n","protected":false},"featured_media":4534,"comment_status":"open","ping_status":"closed","template":"","meta":{"_et_pb_use_builder":"on","_et_pb_old_content":"Aporta grandes cantidades de nutrientes en fibra, hierro, calcio, potasio, vitamina A y C. Nos ayuda a mejorar elsistema inmunol\u00f3gico, prevenir el riesgo de enfermedades cardiovasculares y ayudarnos a mantener una piel sana.","_et_gb_content_width":""},"class_list":["post-3839","product","type-product","status-publish","has-post-thumbnail","hentry","product_cat-agridulce","product_cat-deshidratados","product_cat-snack","product_tag-artesanal","product_tag-bogota","product_tag-catering","product_tag-chocolate","product_tag-colombia","product_tag-cundinamarca","product_tag-deporte","product_tag-deshidratada","product_tag-dulce","product_tag-fit","product_tag-fitness","product_tag-fruta","product_tag-helado","product_tag-horeca","product_tag-hoteles","product_tag-natural","product_tag-organico","product_tag-panaderia","product_tag-postre","product_tag-rappi","product_tag-receta","product_tag-reposteria","product_tag-restaurantes","product_tag-sincelejo","product_tag-sucre","product_tag-uchuva"],"_links":{"self":[{"href":"https:\/\/dulceyseca.com\/index.php\/wp-json\/wp\/v2\/product\/3839"}],"collection":[{"href":"https:\/\/dulceyseca.com\/index.php\/wp-json\/wp\/v2\/product"}],"about":[{"href":"https:\/\/dulceyseca.com\/index.php\/wp-json\/wp\/v2\/types\/product"}],"replies":[{"embeddable":true,"href":"https:\/\/dulceyseca.com\/index.php\/wp-json\/wp\/v2\/comments?post=3839"}],"wp:featuredmedia":[{"embeddable":true,"href":"https:\/\/dulceyseca.com\/index.php\/wp-json\/wp\/v2\/media\/4534"}],"wp:attachment":[{"href":"https:\/\/dulceyseca.com\/index.php\/wp-json\/wp\/v2\/media?parent=3839"}],"curies":[{"name":"wp","href":"https:\/\/api.w.org\/{rel}","templated":true}]}}